{"id":2745,"date":"2024-10-09T07:08:29","date_gmt":"2024-10-09T07:08:29","guid":{"rendered":"https:\/\/www.giethoorncity.nl\/datenschutzrichtlinie\/"},"modified":"2025-06-26T19:27:44","modified_gmt":"2025-06-26T19:27:44","slug":"datenschutzrichtlinie","status":"publish","type":"page","link":"https:\/\/www.giethoorncity.nl\/de\/datenschutzrichtlinie\/","title":{"rendered":"Datenschutzrichtlinie"},"content":{"rendered":"\t\t<div data-elementor-type=\"wp-page\" data-elementor-id=\"2745\" class=\"elementor elementor-2745 elementor-3\" data-elementor-post-type=\"page\">\n\t\t\t\t\t\t<section class=\"elementor-section elementor-top-section elementor-element elementor-element-7d53e9ca elementor-section-boxed elementor-section-height-default elementor-section-height-default\" data-id=\"7d53e9ca\" data-element_type=\"section\">\n\t\t\t\t\t\t<div class=\"elementor-container elementor-column-gap-extended\">\n\t\t\t\t\t<div class=\"elementor-column elementor-col-100 elementor-top-column elementor-element elementor-element-4ae9a19e sc_inner_width_none sc_layouts_column_icons_position_left\" data-id=\"4ae9a19e\" data-element_type=\"column\">\n\t\t\t<div class=\"elementor-widget-wrap elementor-element-populated\">\n\t\t\t\t\t\t<div class=\"elementor-element elementor-element-c9dbfdd sc_fly_static elementor-widget elementor-widget-trx_sc_title\" data-id=\"c9dbfdd\" data-element_type=\"widget\" data-widget_type=\"trx_sc_title.default\">\n\t\t\t\t<div class=\"elementor-widget-container\">\n\t\t\t\t\t<div id=\"trx_sc_title_235566151\"\n\t\tclass=\"sc_title sc_title_decoration\"><span class=\"sc_item_subtitle sc_title_subtitle sc_item_subtitle_above sc_item_title_style_decoration\">Bootverhuur de Deukten Giethoorn<\/span><h2 class=\"sc_item_title sc_title_title sc_item_title_style_decoration\"><span class=\"sc_item_title_text\">Privacyverklaring<\/span><\/h2><div class=\"sc_item_descr sc_title_descr\"><p>Bekijk de geldende privacyverklaring van de Deukten.<\/p>\n<\/div><\/div><!-- \/.sc_title -->\t\t\t\t<\/div>\n\t\t\t\t<\/div>\n\t\t\t\t<div class=\"elementor-element elementor-element-720ce55e sc_fly_static elementor-widget elementor-widget-text-editor\" data-id=\"720ce55e\" data-element_type=\"widget\" data-widget_type=\"text-editor.default\">\n\t\t\t\t<div class=\"elementor-widget-container\">\n\t\t\t\t\t\t\t\t\t\n<h2 class=\"wp-block-heading\">1. Einleitung<\/h2>\n\n<p>Giethoorn City, mit Sitz in der Kerkweg 48 in Giethoorn, ist verantwortlich f\u00fcr die Verarbeitung personenbezogener Daten, wie in dieser Datenschutzerkl\u00e4rung dargestellt.<\/p>\n<p>Kontaktdaten:<\/p>\n<ul>\n<li>Website: www.giethoorncity.nl<\/li>\n<li>Adresse: Kerkweg 48, 8355 BJ te Giethoorn<\/li>\n<li>Telefon: 0031-6 43 55 68 01<\/li>\n<li>E-mail: info@giethoorncity.nl<\/li>\n<\/ul>\n\n<h2 class=\"wp-block-heading\">2. Personenbezogene Daten, die wir verarbeiten<\/h2>\n\n<p>We process the following personal data:<\/p>\n<ul>\n<li>Vor- und Nachname<\/li>\n<li>dresse<\/li>\n<li>Telephone<\/li>\n<li>E-mailadres<\/li>\n<li>Ausweis (nur zur Kontrolle bei der Vermietung)<\/li>\n<li>Zahlungsdaten<\/li>\n<li>IP-Adresse beim Website-Besuch<\/li>\n<li>Andere personenbezogene Daten, die Sie aktiv bereitstellen<\/li>\n<\/ul>\n\n<h2 class=\"wp-block-heading\">3. Zweck und Rechtsgrundlage<\/h2>\n\n<p>Wir verarbeiten Ihre personenbezogenen Daten f\u00fcr die folgenden Zwecke:<\/p>\n<ul>\n<li>Processing your reservation and payment<\/li>\n<li>Sie anrufen oder eine E-Mail senden zu k\u00f6nnen, falls dies f\u00fcr unsere Dienstleistung erforderlich ist<\/li>\n<li>Sie \u00fcber \u00c4nderungen unserer Dienstleistungen zu informieren<\/li>\n<li>F\u00fcr das Versenden unseres Newsletters (nur mit Ihrer Einwilligung)<\/li>\n<li>Zur Erf\u00fcllung gesetzlicher Verpflichtungen<\/li>\n<\/ul>\n\n<h2 class=\"wp-block-heading\">4. Aufbewahrungsfristen<\/h2>\n\n<p>Wir bewahren Ihre personenbezogenen Daten nicht l\u00e4nger auf, als unbedingt erforderlich ist, um die Zwecke zu erreichen, f\u00fcr die Ihre Daten erhoben werden:<\/p>\n<ul>\n<li>Reservierungsdaten: 7 Jahre (gesetzliche Aufbewahrungspflicht)<\/li>\n<li>Marketingdaten: bis zum Widerruf der Einwilligung<\/li>\n<li>Website-Besuchsdaten: maximal 2 Jahre<\/li>\n<\/ul>\n\n<h2 class=\"wp-block-heading\">5. Weitergabe personenbezogener Daten an Dritte<\/h2>\n\n<p>Wir teilen Ihre personenbezogenen Daten nur mit Dritten, wenn dies f\u00fcr die Ausf\u00fchrung des Vertrags erforderlich ist oder um einer gesetzlichen Verpflichtung nachzukommen. Mit Unternehmen, die Ihre Daten verarbeiten, schlie\u00dfen wir eine Auftragsverarbeitervereinbarung ab, um die Sicherheit Ihrer personenbezogenen Daten zu gew\u00e4hrleisten. <\/p>\n\n<h2 class=\"wp-block-heading\">6. Cookies<\/h2>\n\n<p>Wir verwenden nur technische, funktionale und analytische Cookies, die Ihre Privatsph\u00e4re nicht verletzen. Die von uns verwendeten Cookies sind f\u00fcr die technische Funktion der Website und Ihren Benutzerkomfort erforderlich. <\/p>\n\n<h2 class=\"wp-block-heading\">7. Daten einsehen, \u00e4ndern oder l\u00f6schen<\/h2>\n\n<p>Sie haben das Recht:<\/p>\n<ul>\n<li>Ihre personenbezogenen Daten einzusehen, zu korrigieren oder zu l\u00f6schen<\/li>\n<li>Ihre m\u00f6gliche Einwilligung zur Datenverarbeitung zu widerrufen<\/li>\n<li>Widerspruch gegen die Verarbeitung Ihrer personenbezogenen Daten einzulegen<\/li>\n<li>Einen Antrag auf Daten\u00fcbertragbarkeit zu stellen<\/li>\n<\/ul>\n<p> <\/p>\n<p>Sie k\u00f6nnen eine Anfrage an info@giethoorncity.nl senden. Um sicherzustellen, dass die Anfrage von Ihnen gestellt wurde, bitten wir Sie, eine Kopie Ihres Ausweisdokuments mitzusenden. Schw\u00e4rzen Sie in dieser Kopie Ihr Passfoto, die MRZ (maschinenlesbare Zone, der Streifen mit Nummern am unteren Ende des Passes), die Passnummer und die B\u00fcrgerservicenummer (BSN).  <\/p>\n\n<h2 class=\"wp-block-heading\">8. Sicherheit<\/h2>\n\n<p>Wir ergreifen angemessene Ma\u00dfnahmen, um Missbrauch, Verlust, unbefugten Zugriff, unerw\u00fcnschte Offenlegung und unbefugte \u00c4nderungen zu verhindern. Wenn Sie den Eindruck haben, dass Ihre Daten nicht ordnungsgem\u00e4\u00df gesichert sind oder es Anzeichen f\u00fcr Missbrauch gibt, nehmen Sie bitte Kontakt \u00fcber info@giethoorncity.nl auf. <\/p>\n\n<h2 class=\"wp-block-heading\">9. \u00c4nderungen<\/h2>\n\n<p>Wir behalten uns das Recht vor, \u00c4nderungen an dieser Datenschutzerkl\u00e4rung vorzunehmen. <\/p>\n<p> <\/p>\n<p>Letster update: 1-1-2025<\/p>\n\n<p> <\/p>\t\t\t\t\t\t\t\t<\/div>\n\t\t\t\t<\/div>\n\t\t\t\t\t<\/div>\n\t\t<\/div>\n\t\t\t\t\t<\/div>\n\t\t<\/section>\n\t\t\t\t<\/div>\n\t\t","protected":false},"excerpt":{"rendered":"<p>Bootverhuur de Deukten Giethoorn Privacyverklaring Bekijk de geldende privacyverklaring van de Deukten.&hellip;<\/p>\n","protected":false},"author":1,"featured_media":0,"parent":0,"menu_order":0,"comment_status":"closed","ping_status":"open","template":"elementor_theme","meta":{"footnotes":""},"class_list":["post-2745","page","type-page","status-publish","hentry"],"yoast_head":"<!-- This site is optimized with the Yoast SEO Premium plugin v25.4 (Yoast SEO v25.4) - https:\/\/yoast.com\/wordpress\/plugins\/seo\/ -->\n<title>Datenschutzrichtlinie - Bootverhuur Giethoorn<\/title>\n<meta name=\"robots\" content=\"index, follow, max-snippet:-1, max-image-preview:large, max-video-preview:-1\" \/>\n<link rel=\"canonical\" href=\"https:\/\/www.giethoorncity.nl\/de\/datenschutzrichtlinie\/\" \/>\n<meta property=\"og:locale\" content=\"de_DE\" \/>\n<meta property=\"og:type\" content=\"article\" \/>\n<meta property=\"og:title\" content=\"Datenschutzrichtlinie\" \/>\n<meta property=\"og:description\" content=\"Bootverhuur de Deukten Giethoorn Privacyverklaring Bekijk de geldende privacyverklaring van de Deukten.&hellip;\" \/>\n<meta property=\"og:url\" content=\"https:\/\/www.giethoorncity.nl\/de\/datenschutzrichtlinie\/\" \/>\n<meta property=\"og:site_name\" content=\"Bootverhuur Giethoorn\" \/>\n<meta property=\"article:modified_time\" content=\"2025-06-26T19:27:44+00:00\" \/>\n<meta name=\"twitter:card\" content=\"summary_large_image\" \/>\n<meta name=\"twitter:label1\" content=\"Gesch\u00e4tzte Lesezeit\" \/>\n\t<meta name=\"twitter:data1\" content=\"2\u00a0Minuten\" \/>\n<script type=\"application\/ld+json\" class=\"yoast-schema-graph\">{\"@context\":\"https:\/\/schema.org\",\"@graph\":[{\"@type\":\"WebPage\",\"@id\":\"https:\/\/www.giethoorncity.nl\/de\/datenschutzrichtlinie\/\",\"url\":\"https:\/\/www.giethoorncity.nl\/de\/datenschutzrichtlinie\/\",\"name\":\"Datenschutzrichtlinie - Bootverhuur Giethoorn\",\"isPartOf\":{\"@id\":\"https:\/\/www.giethoorncity.nl\/de\/#website\"},\"datePublished\":\"2024-10-09T07:08:29+00:00\",\"dateModified\":\"2025-06-26T19:27:44+00:00\",\"breadcrumb\":{\"@id\":\"https:\/\/www.giethoorncity.nl\/de\/datenschutzrichtlinie\/#breadcrumb\"},\"inLanguage\":\"de\",\"potentialAction\":[{\"@type\":\"ReadAction\",\"target\":[\"https:\/\/www.giethoorncity.nl\/de\/datenschutzrichtlinie\/\"]}]},{\"@type\":\"BreadcrumbList\",\"@id\":\"https:\/\/www.giethoorncity.nl\/de\/datenschutzrichtlinie\/#breadcrumb\",\"itemListElement\":[{\"@type\":\"ListItem\",\"position\":1,\"name\":\"Home\",\"item\":\"https:\/\/www.giethoorncity.nl\/de\/bootsverleih-giethoorn\/\"},{\"@type\":\"ListItem\",\"position\":2,\"name\":\"Datenschutzrichtlinie\"}]},{\"@type\":\"WebSite\",\"@id\":\"https:\/\/www.giethoorncity.nl\/de\/#website\",\"url\":\"https:\/\/www.giethoorncity.nl\/de\/\",\"name\":\"Bootverhuur Giethoorn\",\"description\":\"\",\"publisher\":{\"@id\":\"https:\/\/www.giethoorncity.nl\/de\/#organization\"},\"potentialAction\":[{\"@type\":\"SearchAction\",\"target\":{\"@type\":\"EntryPoint\",\"urlTemplate\":\"https:\/\/www.giethoorncity.nl\/de\/?s={search_term_string}\"},\"query-input\":{\"@type\":\"PropertyValueSpecification\",\"valueRequired\":true,\"valueName\":\"search_term_string\"}}],\"inLanguage\":\"de\"},{\"@type\":\"Organization\",\"@id\":\"https:\/\/www.giethoorncity.nl\/de\/#organization\",\"name\":\"Bootverhuur Giethoorn\",\"url\":\"https:\/\/www.giethoorncity.nl\/de\/\",\"logo\":{\"@type\":\"ImageObject\",\"inLanguage\":\"de\",\"@id\":\"https:\/\/www.giethoorncity.nl\/de\/#\/schema\/logo\/image\/\",\"url\":\"https:\/\/www.giethoorncity.nl\/wp-content\/uploads\/2024\/10\/cropped-20250220_GiethoornCity-Logo.png\",\"contentUrl\":\"https:\/\/www.giethoorncity.nl\/wp-content\/uploads\/2024\/10\/cropped-20250220_GiethoornCity-Logo.png\",\"width\":512,\"height\":512,\"caption\":\"Bootverhuur Giethoorn\"},\"image\":{\"@id\":\"https:\/\/www.giethoorncity.nl\/de\/#\/schema\/logo\/image\/\"}}]}<\/script>\n<!-- \/ Yoast SEO Premium plugin. -->","yoast_head_json":{"title":"Datenschutzrichtlinie - Bootverhuur Giethoorn","robots":{"index":"index","follow":"follow","max-snippet":"max-snippet:-1","max-image-preview":"max-image-preview:large","max-video-preview":"max-video-preview:-1"},"canonical":"https:\/\/www.giethoorncity.nl\/de\/datenschutzrichtlinie\/","og_locale":"de_DE","og_type":"article","og_title":"Datenschutzrichtlinie","og_description":"Bootverhuur de Deukten Giethoorn Privacyverklaring Bekijk de geldende privacyverklaring van de Deukten.&hellip;","og_url":"https:\/\/www.giethoorncity.nl\/de\/datenschutzrichtlinie\/","og_site_name":"Bootverhuur Giethoorn","article_modified_time":"2025-06-26T19:27:44+00:00","twitter_card":"summary_large_image","twitter_misc":{"Gesch\u00e4tzte Lesezeit":"2\u00a0Minuten"},"schema":{"@context":"https:\/\/schema.org","@graph":[{"@type":"WebPage","@id":"https:\/\/www.giethoorncity.nl\/de\/datenschutzrichtlinie\/","url":"https:\/\/www.giethoorncity.nl\/de\/datenschutzrichtlinie\/","name":"Datenschutzrichtlinie - Bootverhuur Giethoorn","isPartOf":{"@id":"https:\/\/www.giethoorncity.nl\/de\/#website"},"datePublished":"2024-10-09T07:08:29+00:00","dateModified":"2025-06-26T19:27:44+00:00","breadcrumb":{"@id":"https:\/\/www.giethoorncity.nl\/de\/datenschutzrichtlinie\/#breadcrumb"},"inLanguage":"de","potentialAction":[{"@type":"ReadAction","target":["https:\/\/www.giethoorncity.nl\/de\/datenschutzrichtlinie\/"]}]},{"@type":"BreadcrumbList","@id":"https:\/\/www.giethoorncity.nl\/de\/datenschutzrichtlinie\/#breadcrumb","itemListElement":[{"@type":"ListItem","position":1,"name":"Home","item":"https:\/\/www.giethoorncity.nl\/de\/bootsverleih-giethoorn\/"},{"@type":"ListItem","position":2,"name":"Datenschutzrichtlinie"}]},{"@type":"WebSite","@id":"https:\/\/www.giethoorncity.nl\/de\/#website","url":"https:\/\/www.giethoorncity.nl\/de\/","name":"Bootverhuur Giethoorn","description":"","publisher":{"@id":"https:\/\/www.giethoorncity.nl\/de\/#organization"},"potentialAction":[{"@type":"SearchAction","target":{"@type":"EntryPoint","urlTemplate":"https:\/\/www.giethoorncity.nl\/de\/?s={search_term_string}"},"query-input":{"@type":"PropertyValueSpecification","valueRequired":true,"valueName":"search_term_string"}}],"inLanguage":"de"},{"@type":"Organization","@id":"https:\/\/www.giethoorncity.nl\/de\/#organization","name":"Bootverhuur Giethoorn","url":"https:\/\/www.giethoorncity.nl\/de\/","logo":{"@type":"ImageObject","inLanguage":"de","@id":"https:\/\/www.giethoorncity.nl\/de\/#\/schema\/logo\/image\/","url":"https:\/\/www.giethoorncity.nl\/wp-content\/uploads\/2024\/10\/cropped-20250220_GiethoornCity-Logo.png","contentUrl":"https:\/\/www.giethoorncity.nl\/wp-content\/uploads\/2024\/10\/cropped-20250220_GiethoornCity-Logo.png","width":512,"height":512,"caption":"Bootverhuur Giethoorn"},"image":{"@id":"https:\/\/www.giethoorncity.nl\/de\/#\/schema\/logo\/image\/"}}]}},"_links":{"self":[{"href":"https:\/\/www.giethoorncity.nl\/de\/wp-json\/wp\/v2\/pages\/2745","targetHints":{"allow":["GET"]}}],"collection":[{"href":"https:\/\/www.giethoorncity.nl\/de\/wp-json\/wp\/v2\/pages"}],"about":[{"href":"https:\/\/www.giethoorncity.nl\/de\/wp-json\/wp\/v2\/types\/page"}],"author":[{"embeddable":true,"href":"https:\/\/www.giethoorncity.nl\/de\/wp-json\/wp\/v2\/users\/1"}],"replies":[{"embeddable":true,"href":"https:\/\/www.giethoorncity.nl\/de\/wp-json\/wp\/v2\/comments?post=2745"}],"version-history":[{"count":7,"href":"https:\/\/www.giethoorncity.nl\/de\/wp-json\/wp\/v2\/pages\/2745\/revisions"}],"predecessor-version":[{"id":2752,"href":"https:\/\/www.giethoorncity.nl\/de\/wp-json\/wp\/v2\/pages\/2745\/revisions\/2752"}],"wp:attachment":[{"href":"https:\/\/www.giethoorncity.nl\/de\/wp-json\/wp\/v2\/media?parent=2745"}],"curies":[{"name":"wp","href":"https:\/\/api.w.org\/{rel}","templated":true}]}}