{"id":2669,"date":"2019-03-13T14:16:09","date_gmt":"2019-03-13T14:16:09","guid":{"rendered":"https:\/\/www.giethoorncity.nl\/erlebe-giethoorn\/"},"modified":"2025-07-28T13:01:15","modified_gmt":"2025-07-28T13:01:15","slug":"erlebe-giethoorn","status":"publish","type":"page","link":"https:\/\/www.giethoorncity.nl\/de\/erlebe-giethoorn\/","title":{"rendered":"Erlebe Giethoorn"},"content":{"rendered":"\t\t<div data-elementor-type=\"wp-post\" data-elementor-id=\"2669\" class=\"elementor elementor-2669 elementor-109\" data-elementor-post-type=\"page\">\n\t\t\t\t\t\t<section class=\"elementor-section elementor-top-section elementor-element elementor-element-be8dcd7 elementor-section-full_width elementor-section-stretched elementor-section-height-default elementor-section-height-default\" data-id=\"be8dcd7\" data-element_type=\"section\" data-settings=\"{&quot;stretch_section&quot;:&quot;section-stretched&quot;,&quot;background_background&quot;:&quot;classic&quot;}\">\n\t\t\t\t\t\t\t<div class=\"elementor-background-overlay\"><\/div>\n\t\t\t\t\t\t\t<div class=\"elementor-container elementor-column-gap-extended\">\n\t\t\t\t\t<div class=\"elementor-column elementor-col-100 elementor-top-column elementor-element elementor-element-8596b7e sc_inner_width_none sc_layouts_column_icons_position_left\" data-id=\"8596b7e\" data-element_type=\"column\">\n\t\t\t<div class=\"elementor-widget-wrap elementor-element-populated\">\n\t\t\t\t\t\t\t<\/div>\n\t\t<\/div>\n\t\t\t\t\t<\/div>\n\t\t<\/section>\n\t\t\t\t<section class=\"elementor-section elementor-top-section elementor-element elementor-element-d7a846e elementor-section-stretched scheme_default elementor-section-full_width elementor-section-height-default elementor-section-height-default\" data-id=\"d7a846e\" data-element_type=\"section\" data-settings=\"{&quot;stretch_section&quot;:&quot;section-stretched&quot;,&quot;background_background&quot;:&quot;classic&quot;}\">\n\t\t\t\t\t\t<div class=\"elementor-container elementor-column-gap-extended\">\n\t\t\t\t\t<div class=\"elementor-column elementor-col-100 elementor-top-column elementor-element elementor-element-7b79e57 sc_inner_width_none sc_layouts_column_icons_position_left\" data-id=\"7b79e57\" data-element_type=\"column\">\n\t\t\t<div class=\"elementor-widget-wrap elementor-element-populated\">\n\t\t\t\t\t\t<div class=\"elementor-element elementor-element-aa8ffa0 sc_fly_static elementor-widget elementor-widget-trx_sc_title\" data-id=\"aa8ffa0\" data-element_type=\"widget\" data-widget_type=\"trx_sc_title.default\">\n\t\t\t\t<div class=\"elementor-widget-container\">\n\t\t\t\t\t<div id=\"trx_sc_title_1659339400\"\n\t\tclass=\"sc_title sc_title_decoration\"><span class=\"sc_item_subtitle sc_title_subtitle sc_align_center sc_item_subtitle_above sc_item_title_style_decoration\">Ervaar Giethoorn<\/span><h2 class=\"sc_item_title sc_title_title sc_align_center sc_item_title_style_decoration sc_item_title_tag\"><span class=\"sc_item_title_text\">Bekijk alle activiteiten in Giethoorn<\/span><\/h2><div class=\"sc_item_descr sc_title_descr sc_align_center\"><p>Op zoek naar een leuk dagje uit in Nederland? Giethoorn is een prachtig dorp waar je heerlijk kunt ontspannen. Met onze boten kun je door de grachten varen en genieten van de natuur.<\/p>\n<\/div><\/div><!-- \/.sc_title -->\t\t\t\t<\/div>\n\t\t\t\t<\/div>\n\t\t\t\t<div class=\"elementor-element elementor-element-9b99b59 sc_fly_static elementor-widget elementor-widget-spacer\" data-id=\"9b99b59\" data-element_type=\"widget\" data-widget_type=\"spacer.default\">\n\t\t\t\t<div class=\"elementor-widget-container\">\n\t\t\t\t\t\t\t<div class=\"elementor-spacer\">\n\t\t\t<div class=\"elementor-spacer-inner\"><\/div>\n\t\t<\/div>\n\t\t\t\t\t\t<\/div>\n\t\t\t\t<\/div>\n\t\t\t\t\t<\/div>\n\t\t<\/div>\n\t\t\t\t\t<\/div>\n\t\t<\/section>\n\t\t\t\t<section class=\"elementor-section elementor-top-section elementor-element elementor-element-6dbb5392 elementor-section-stretched elementor-section-boxed elementor-section-height-default elementor-section-height-default\" data-id=\"6dbb5392\" data-element_type=\"section\" data-settings=\"{&quot;stretch_section&quot;:&quot;section-stretched&quot;,&quot;background_background&quot;:&quot;classic&quot;}\">\n\t\t\t\t\t\t<div class=\"elementor-container elementor-column-gap-extended\">\n\t\t\t\t\t<div class=\"elementor-column elementor-col-100 elementor-top-column elementor-element elementor-element-15ff89fe sc_inner_width_none sc_layouts_column_icons_position_left\" data-id=\"15ff89fe\" data-element_type=\"column\">\n\t\t\t<div class=\"elementor-widget-wrap elementor-element-populated\">\n\t\t\t\t\t\t<div class=\"elementor-element elementor-element-4964b7a sc_fly_static elementor-widget elementor-widget-trx_sc_blogger\" data-id=\"4964b7a\" data-element_type=\"widget\" data-widget_type=\"trx_sc_blogger.default\">\n\t\t\t\t<div class=\"elementor-widget-container\">\n\t\t\t\t\t<div  id=\"trx_sc_blogger_957748360\"\t\tclass=\"sc_blogger sc_blogger_default sc_blogger_default_classic\"><div class=\"sc_item_filters sc_blogger_filters sc_blogger_tabs sc_blogger_tabs_ajax sc_item_filters_align_center\" data-params=\"a:94:{s:4:&quot;type&quot;;s:7:&quot;default&quot;;s:9:&quot;post_type&quot;;s:9:&quot;cpt_tours&quot;;s:8:&quot;taxonomy&quot;;s:18:&quot;cpt_tours_taxonomy&quot;;s:12:&quot;show_filters&quot;;s:1:&quot;1&quot;;s:13:&quot;filters_title&quot;;s:0:&quot;&quot;;s:16:&quot;filters_subtitle&quot;;s:0:&quot;&quot;;s:19:&quot;filters_title_align&quot;;s:6:&quot;center&quot;;s:16:&quot;filters_taxonomy&quot;;s:18:&quot;cpt_tours_taxonomy&quot;;s:14:&quot;filters_active&quot;;i:183;s:11:&quot;filters_ids&quot;;a:0:{}s:11:&quot;filters_all&quot;;s:0:&quot;&quot;;s:16:&quot;filters_all_text&quot;;s:0:&quot;&quot;;s:17:&quot;filters_more_text&quot;;s:10:&quot;More posts&quot;;s:10:&quot;meta_parts&quot;;a:0:{}s:14:&quot;image_position&quot;;s:3:&quot;top&quot;;s:11:&quot;image_width&quot;;s:2:&quot;40&quot;;s:11:&quot;image_ratio&quot;;s:3:&quot;1:1&quot;;s:11:&quot;date_format&quot;;s:0:&quot;&quot;;s:14:&quot;excerpt_length&quot;;s:2:&quot;50&quot;;s:10:&quot;text_align&quot;;s:4:&quot;none&quot;;s:8:&quot;on_plate&quot;;s:0:&quot;&quot;;s:12:&quot;hide_excerpt&quot;;s:0:&quot;&quot;;s:8:&quot;no_links&quot;;s:0:&quot;&quot;;s:7:&quot;numbers&quot;;s:0:&quot;&quot;;s:9:&quot;more_text&quot;;s:10:&quot;Meer lezen&quot;;s:10:&quot;pagination&quot;;s:4:&quot;none&quot;;s:4:&quot;page&quot;;i:1;s:2:&quot;id&quot;;s:24:&quot;trx_sc_blogger_957748360&quot;;s:5:&quot;class&quot;;s:0:&quot;&quot;;s:9:&quot;className&quot;;s:0:&quot;&quot;;s:3:&quot;css&quot;;s:0:&quot;&quot;;s:5:&quot;title&quot;;s:0:&quot;&quot;;s:11:&quot;title_align&quot;;s:6:&quot;center&quot;;s:11:&quot;title_style&quot;;s:7:&quot;default&quot;;s:9:&quot;title_tag&quot;;s:2:&quot;h3&quot;;s:11:&quot;title_color&quot;;s:0:&quot;&quot;;s:12:&quot;title_color2&quot;;s:0:&quot;&quot;;s:18:&quot;gradient_direction&quot;;s:1:&quot;0&quot;;s:8:&quot;subtitle&quot;;s:0:&quot;&quot;;s:14:&quot;subtitle_align&quot;;s:4:&quot;none&quot;;s:17:&quot;subtitle_position&quot;;s:5:&quot;above&quot;;s:11:&quot;description&quot;;s:0:&quot;&quot;;s:4:&quot;link&quot;;s:0:&quot;&quot;;s:10:&quot;link_style&quot;;s:7:&quot;default&quot;;s:10:&quot;link_image&quot;;s:0:&quot;&quot;;s:9:&quot;link_text&quot;;s:0:&quot;&quot;;s:10:&quot;new_window&quot;;i:0;s:5:&quot;typed&quot;;s:0:&quot;&quot;;s:13:&quot;typed_strings&quot;;s:0:&quot;&quot;;s:10:&quot;typed_loop&quot;;s:1:&quot;1&quot;;s:12:&quot;typed_cursor&quot;;s:1:&quot;1&quot;;s:17:&quot;typed_cursor_char&quot;;s:1:&quot;|&quot;;s:11:&quot;typed_color&quot;;s:0:&quot;&quot;;s:11:&quot;typed_speed&quot;;s:1:&quot;6&quot;;s:11:&quot;typed_delay&quot;;s:1:&quot;1&quot;;s:6:&quot;slider&quot;;b:0;s:17:&quot;slider_pagination&quot;;s:4:&quot;none&quot;;s:24:&quot;slider_pagination_thumbs&quot;;i:0;s:15:&quot;slider_controls&quot;;s:4:&quot;none&quot;;s:12:&quot;slides_space&quot;;i:0;s:15:&quot;slides_centered&quot;;s:0:&quot;&quot;;s:15:&quot;slides_overflow&quot;;s:0:&quot;&quot;;s:18:&quot;slider_mouse_wheel&quot;;s:0:&quot;&quot;;s:15:&quot;slider_autoplay&quot;;s:1:&quot;1&quot;;s:3:&quot;cat&quot;;s:1:&quot;0&quot;;s:7:&quot;columns&quot;;i:3;s:5:&quot;count&quot;;i:9;s:6:&quot;offset&quot;;i:0;s:7:&quot;orderby&quot;;s:4:&quot;none&quot;;s:5:&quot;order&quot;;s:3:&quot;asc&quot;;s:3:&quot;ids&quot;;s:0:&quot;&quot;;s:16:&quot;template_default&quot;;s:7:&quot;classic&quot;;s:13:&quot;template_list&quot;;s:6:&quot;simple&quot;;s:13:&quot;template_news&quot;;s:8:&quot;announce&quot;;s:16:&quot;template_excerpt&quot;;s:0:&quot;&quot;;s:16:&quot;template_classic&quot;;s:0:&quot;&quot;;s:16:&quot;template_masonry&quot;;s:0:&quot;&quot;;s:18:&quot;template_portfolio&quot;;s:0:&quot;&quot;;s:16:&quot;template_gallery&quot;;s:0:&quot;&quot;;s:14:&quot;template_chess&quot;;s:0:&quot;&quot;;s:11:&quot;count_extra&quot;;a:3:{s:4:&quot;unit&quot;;s:2:&quot;px&quot;;s:4:&quot;size&quot;;i:9;s:5:&quot;sizes&quot;;a:0:{}}s:13:&quot;columns_extra&quot;;a:3:{s:4:&quot;unit&quot;;s:2:&quot;px&quot;;s:4:&quot;size&quot;;i:3;s:5:&quot;sizes&quot;;a:0:{}}s:12:&quot;offset_extra&quot;;a:3:{s:4:&quot;unit&quot;;s:2:&quot;px&quot;;s:4:&quot;size&quot;;i:0;s:5:&quot;sizes&quot;;a:0:{}}s:17:&quot;image_width_extra&quot;;a:3:{s:4:&quot;unit&quot;;s:2:&quot;px&quot;;s:4:&quot;size&quot;;i:40;s:5:&quot;sizes&quot;;a:0:{}}s:18:&quot;slides_space_extra&quot;;a:3:{s:4:&quot;unit&quot;;s:2:&quot;px&quot;;s:4:&quot;size&quot;;i:0;s:5:&quot;sizes&quot;;a:0:{}}s:24:&quot;gradient_direction_extra&quot;;a:3:{s:4:&quot;unit&quot;;s:2:&quot;px&quot;;s:4:&quot;size&quot;;i:0;s:5:&quot;sizes&quot;;a:0:{}}s:17:&quot;typed_speed_extra&quot;;a:3:{s:4:&quot;unit&quot;;s:2:&quot;px&quot;;s:4:&quot;size&quot;;i:6;s:5:&quot;sizes&quot;;a:0:{}}s:17:&quot;typed_delay_extra&quot;;a:3:{s:4:&quot;unit&quot;;s:2:&quot;px&quot;;s:4:&quot;size&quot;;i:1;s:5:&quot;sizes&quot;;a:0:{}}s:10:&quot;link_extra&quot;;a:4:{s:3:&quot;url&quot;;s:0:&quot;&quot;;s:11:&quot;is_external&quot;;s:0:&quot;&quot;;s:8:&quot;nofollow&quot;;s:0:&quot;&quot;;s:17:&quot;custom_attributes&quot;;s:0:&quot;&quot;;}s:16:&quot;link_image_extra&quot;;a:3:{s:3:&quot;url&quot;;s:0:&quot;&quot;;s:2:&quot;id&quot;;s:0:&quot;&quot;;s:4:&quot;size&quot;;s:0:&quot;&quot;;}s:6:&quot;scheme&quot;;s:0:&quot;&quot;;s:11:&quot;color_style&quot;;s:7:&quot;default&quot;;s:5:&quot;hover&quot;;s:7:&quot;inherit&quot;;s:2:&quot;sc&quot;;s:10:&quot;sc_blogger&quot;;}\">\t\t\t<ul class=\"sc_item_filters_tabs\"><li><a href=\"#blogger_filters_183_content\"\n\t\t\t\t\t\t class=\"active\"\t\t\t\t\t\tdata-tab=\"183\"\n\t\t\t\t\t\tdata-page=\"1\">Aktivit\u00e4ten &amp; Anlagen<\/a><\/li><li><a href=\"#blogger_filters_184_content\"\n\t\t\t\t\t\t\t\t\t\t\t\tdata-tab=\"184\"\n\t\t\t\t\t\tdata-page=\"1\">Vermietung<\/a><\/li>\t\t\t<\/ul>\t<\/div><div class=\"sc_blogger_columns_wrap sc_item_columns sc_item_posts_container trx_addons_columns_wrap columns_padding_bottom\"><\/div><\/div>\t\t\t\t<\/div>\n\t\t\t\t<\/div>\n\t\t\t\t\t<\/div>\n\t\t<\/div>\n\t\t\t\t\t<\/div>\n\t\t<\/section>\n\t\t\t\t<section class=\"elementor-section elementor-top-section elementor-element elementor-element-bab76f2 elementor-section-full_width elementor-section-stretched elementor-section-height-default elementor-section-height-default\" data-id=\"bab76f2\" data-element_type=\"section\" data-settings=\"{&quot;stretch_section&quot;:&quot;section-stretched&quot;,&quot;background_background&quot;:&quot;classic&quot;}\">\n\t\t\t\t\t\t<div class=\"elementor-container elementor-column-gap-extended\">\n\t\t\t\t\t<div class=\"elementor-column elementor-col-33 elementor-top-column elementor-element elementor-element-f13e5d6 sc_inner_width_none sc_layouts_column_icons_position_left\" data-id=\"f13e5d6\" data-element_type=\"column\">\n\t\t\t<div class=\"elementor-widget-wrap\">\n\t\t\t\t\t\t\t<\/div>\n\t\t<\/div>\n\t\t\t\t<div class=\"elementor-column elementor-col-33 elementor-top-column elementor-element elementor-element-4c0f7f6 sc_layouts_column sc_layouts_column_align_center sc_inner_width_none sc_layouts_column_icons_position_left\" data-id=\"4c0f7f6\" data-element_type=\"column\">\n\t\t\t<div class=\"elementor-widget-wrap elementor-element-populated\">\n\t\t\t\t\t\t<div class=\"elementor-element elementor-element-93e2996 sc_fly_static elementor-widget elementor-widget-heading\" data-id=\"93e2996\" data-element_type=\"widget\" data-widget_type=\"heading.default\">\n\t\t\t\t<div class=\"elementor-widget-container\">\n\t\t\t\t\t<h2 class=\"elementor-heading-title elementor-size-default\">Mehr information uber Giethoorn<\/h2>\t\t\t\t<\/div>\n\t\t\t\t<\/div>\n\t\t\t\t<div class=\"elementor-element elementor-element-030ac77 sc_fly_static elementor-widget elementor-widget-button\" data-id=\"030ac77\" data-element_type=\"widget\" data-widget_type=\"button.default\">\n\t\t\t\t<div class=\"elementor-widget-container\">\n\t\t\t\t\t\t\t\t\t<div class=\"elementor-button-wrapper\">\n\t\t\t\t\t<a class=\"elementor-button elementor-button-link elementor-size-sm\" href=\"https:\/\/www.giethoorncity.nl\/de\/contact\/\">\n\t\t\t\t\t\t<span class=\"elementor-button-content-wrapper\">\n\t\t\t\t\t\t\t\t\t<span class=\"elementor-button-text\">Contact aufnehmen<\/span>\n\t\t\t\t\t<\/span>\n\t\t\t\t\t<\/a>\n\t\t\t\t<\/div>\n\t\t\t\t\t\t\t\t<\/div>\n\t\t\t\t<\/div>\n\t\t\t\t\t<\/div>\n\t\t<\/div>\n\t\t\t\t<div class=\"elementor-column elementor-col-33 elementor-top-column elementor-element elementor-element-164b386 sc_inner_width_none sc_layouts_column_icons_position_left\" data-id=\"164b386\" data-element_type=\"column\">\n\t\t\t<div class=\"elementor-widget-wrap\">\n\t\t\t\t\t\t\t<\/div>\n\t\t<\/div>\n\t\t\t\t\t<\/div>\n\t\t<\/section>\n\t\t\t\t<\/div>\n\t\t","protected":false},"excerpt":{"rendered":"<p>Ervaar Giethoorn Bekijk alle activiteiten in Giethoorn Op zoek naar een leuk&hellip;<\/p>\n","protected":false},"author":1,"featured_media":0,"parent":0,"menu_order":0,"comment_status":"closed","ping_status":"closed","template":"","meta":{"footnotes":""},"class_list":["post-2669","page","type-page","status-publish","hentry"],"yoast_head":"<!-- This site is optimized with the Yoast SEO Premium plugin v25.4 (Yoast SEO v25.4) - https:\/\/yoast.com\/wordpress\/plugins\/seo\/ -->\n<title>Erlebe Giethoorn - Bootverhuur Giethoorn<\/title>\n<meta name=\"description\" content=\"Auf der Suche nach einem sch\u00f6nen Tagesausflug in den Niederlanden? Giethoorn ist ein wundersch\u00f6nes Dorf. Mit unseren Booten durch die Grachten fahren und die Natur genie\u00dfen.\" \/>\n<meta name=\"robots\" content=\"index, follow, max-snippet:-1, max-image-preview:large, max-video-preview:-1\" \/>\n<link rel=\"canonical\" href=\"https:\/\/www.giethoorncity.nl\/de\/erlebe-giethoorn\/\" \/>\n<meta property=\"og:locale\" content=\"de_DE\" \/>\n<meta property=\"og:type\" content=\"article\" \/>\n<meta property=\"og:title\" content=\"Erlebe Giethoorn\" \/>\n<meta property=\"og:description\" content=\"Auf der Suche nach einem sch\u00f6nen Tagesausflug in den Niederlanden? Giethoorn ist ein wundersch\u00f6nes Dorf. Mit unseren Booten durch die Grachten fahren und die Natur genie\u00dfen.\" \/>\n<meta property=\"og:url\" content=\"https:\/\/www.giethoorncity.nl\/de\/erlebe-giethoorn\/\" \/>\n<meta property=\"og:site_name\" content=\"Bootverhuur Giethoorn\" \/>\n<meta property=\"article:modified_time\" content=\"2025-07-28T13:01:15+00:00\" \/>\n<meta name=\"twitter:card\" content=\"summary_large_image\" \/>\n<meta name=\"twitter:label1\" content=\"Gesch\u00e4tzte Lesezeit\" \/>\n\t<meta name=\"twitter:data1\" content=\"1\u00a0Minute\" \/>\n<script type=\"application\/ld+json\" class=\"yoast-schema-graph\">{\"@context\":\"https:\/\/schema.org\",\"@graph\":[{\"@type\":\"WebPage\",\"@id\":\"https:\/\/www.giethoorncity.nl\/de\/erlebe-giethoorn\/\",\"url\":\"https:\/\/www.giethoorncity.nl\/de\/erlebe-giethoorn\/\",\"name\":\"Erlebe Giethoorn - Bootverhuur Giethoorn\",\"isPartOf\":{\"@id\":\"https:\/\/www.giethoorncity.nl\/de\/#website\"},\"datePublished\":\"2019-03-13T14:16:09+00:00\",\"dateModified\":\"2025-07-28T13:01:15+00:00\",\"description\":\"Auf der Suche nach einem sch\u00f6nen Tagesausflug in den Niederlanden? Giethoorn ist ein wundersch\u00f6nes Dorf. Mit unseren Booten durch die Grachten fahren und die Natur genie\u00dfen.\",\"breadcrumb\":{\"@id\":\"https:\/\/www.giethoorncity.nl\/de\/erlebe-giethoorn\/#breadcrumb\"},\"inLanguage\":\"de\",\"potentialAction\":[{\"@type\":\"ReadAction\",\"target\":[\"https:\/\/www.giethoorncity.nl\/de\/erlebe-giethoorn\/\"]}]},{\"@type\":\"BreadcrumbList\",\"@id\":\"https:\/\/www.giethoorncity.nl\/de\/erlebe-giethoorn\/#breadcrumb\",\"itemListElement\":[{\"@type\":\"ListItem\",\"position\":1,\"name\":\"Home\",\"item\":\"https:\/\/www.giethoorncity.nl\/de\/bootsverleih-giethoorn\/\"},{\"@type\":\"ListItem\",\"position\":2,\"name\":\"Erlebe Giethoorn\"}]},{\"@type\":\"WebSite\",\"@id\":\"https:\/\/www.giethoorncity.nl\/de\/#website\",\"url\":\"https:\/\/www.giethoorncity.nl\/de\/\",\"name\":\"Bootverhuur Giethoorn\",\"description\":\"\",\"publisher\":{\"@id\":\"https:\/\/www.giethoorncity.nl\/de\/#organization\"},\"potentialAction\":[{\"@type\":\"SearchAction\",\"target\":{\"@type\":\"EntryPoint\",\"urlTemplate\":\"https:\/\/www.giethoorncity.nl\/de\/?s={search_term_string}\"},\"query-input\":{\"@type\":\"PropertyValueSpecification\",\"valueRequired\":true,\"valueName\":\"search_term_string\"}}],\"inLanguage\":\"de\"},{\"@type\":\"Organization\",\"@id\":\"https:\/\/www.giethoorncity.nl\/de\/#organization\",\"name\":\"Bootverhuur Giethoorn\",\"url\":\"https:\/\/www.giethoorncity.nl\/de\/\",\"logo\":{\"@type\":\"ImageObject\",\"inLanguage\":\"de\",\"@id\":\"https:\/\/www.giethoorncity.nl\/de\/#\/schema\/logo\/image\/\",\"url\":\"https:\/\/www.giethoorncity.nl\/wp-content\/uploads\/2024\/10\/cropped-20250220_GiethoornCity-Logo.png\",\"contentUrl\":\"https:\/\/www.giethoorncity.nl\/wp-content\/uploads\/2024\/10\/cropped-20250220_GiethoornCity-Logo.png\",\"width\":512,\"height\":512,\"caption\":\"Bootverhuur Giethoorn\"},\"image\":{\"@id\":\"https:\/\/www.giethoorncity.nl\/de\/#\/schema\/logo\/image\/\"}}]}<\/script>\n<!-- \/ Yoast SEO Premium plugin. -->","yoast_head_json":{"title":"Erlebe Giethoorn - Bootverhuur Giethoorn","description":"Auf der Suche nach einem sch\u00f6nen Tagesausflug in den Niederlanden? Giethoorn ist ein wundersch\u00f6nes Dorf. Mit unseren Booten durch die Grachten fahren und die Natur genie\u00dfen.","robots":{"index":"index","follow":"follow","max-snippet":"max-snippet:-1","max-image-preview":"max-image-preview:large","max-video-preview":"max-video-preview:-1"},"canonical":"https:\/\/www.giethoorncity.nl\/de\/erlebe-giethoorn\/","og_locale":"de_DE","og_type":"article","og_title":"Erlebe Giethoorn","og_description":"Auf der Suche nach einem sch\u00f6nen Tagesausflug in den Niederlanden? Giethoorn ist ein wundersch\u00f6nes Dorf. Mit unseren Booten durch die Grachten fahren und die Natur genie\u00dfen.","og_url":"https:\/\/www.giethoorncity.nl\/de\/erlebe-giethoorn\/","og_site_name":"Bootverhuur Giethoorn","article_modified_time":"2025-07-28T13:01:15+00:00","twitter_card":"summary_large_image","twitter_misc":{"Gesch\u00e4tzte Lesezeit":"1\u00a0Minute"},"schema":{"@context":"https:\/\/schema.org","@graph":[{"@type":"WebPage","@id":"https:\/\/www.giethoorncity.nl\/de\/erlebe-giethoorn\/","url":"https:\/\/www.giethoorncity.nl\/de\/erlebe-giethoorn\/","name":"Erlebe Giethoorn - Bootverhuur Giethoorn","isPartOf":{"@id":"https:\/\/www.giethoorncity.nl\/de\/#website"},"datePublished":"2019-03-13T14:16:09+00:00","dateModified":"2025-07-28T13:01:15+00:00","description":"Auf der Suche nach einem sch\u00f6nen Tagesausflug in den Niederlanden? Giethoorn ist ein wundersch\u00f6nes Dorf. Mit unseren Booten durch die Grachten fahren und die Natur genie\u00dfen.","breadcrumb":{"@id":"https:\/\/www.giethoorncity.nl\/de\/erlebe-giethoorn\/#breadcrumb"},"inLanguage":"de","potentialAction":[{"@type":"ReadAction","target":["https:\/\/www.giethoorncity.nl\/de\/erlebe-giethoorn\/"]}]},{"@type":"BreadcrumbList","@id":"https:\/\/www.giethoorncity.nl\/de\/erlebe-giethoorn\/#breadcrumb","itemListElement":[{"@type":"ListItem","position":1,"name":"Home","item":"https:\/\/www.giethoorncity.nl\/de\/bootsverleih-giethoorn\/"},{"@type":"ListItem","position":2,"name":"Erlebe Giethoorn"}]},{"@type":"WebSite","@id":"https:\/\/www.giethoorncity.nl\/de\/#website","url":"https:\/\/www.giethoorncity.nl\/de\/","name":"Bootverhuur Giethoorn","description":"","publisher":{"@id":"https:\/\/www.giethoorncity.nl\/de\/#organization"},"potentialAction":[{"@type":"SearchAction","target":{"@type":"EntryPoint","urlTemplate":"https:\/\/www.giethoorncity.nl\/de\/?s={search_term_string}"},"query-input":{"@type":"PropertyValueSpecification","valueRequired":true,"valueName":"search_term_string"}}],"inLanguage":"de"},{"@type":"Organization","@id":"https:\/\/www.giethoorncity.nl\/de\/#organization","name":"Bootverhuur Giethoorn","url":"https:\/\/www.giethoorncity.nl\/de\/","logo":{"@type":"ImageObject","inLanguage":"de","@id":"https:\/\/www.giethoorncity.nl\/de\/#\/schema\/logo\/image\/","url":"https:\/\/www.giethoorncity.nl\/wp-content\/uploads\/2024\/10\/cropped-20250220_GiethoornCity-Logo.png","contentUrl":"https:\/\/www.giethoorncity.nl\/wp-content\/uploads\/2024\/10\/cropped-20250220_GiethoornCity-Logo.png","width":512,"height":512,"caption":"Bootverhuur Giethoorn"},"image":{"@id":"https:\/\/www.giethoorncity.nl\/de\/#\/schema\/logo\/image\/"}}]}},"_links":{"self":[{"href":"https:\/\/www.giethoorncity.nl\/de\/wp-json\/wp\/v2\/pages\/2669","targetHints":{"allow":["GET"]}}],"collection":[{"href":"https:\/\/www.giethoorncity.nl\/de\/wp-json\/wp\/v2\/pages"}],"about":[{"href":"https:\/\/www.giethoorncity.nl\/de\/wp-json\/wp\/v2\/types\/page"}],"author":[{"embeddable":true,"href":"https:\/\/www.giethoorncity.nl\/de\/wp-json\/wp\/v2\/users\/1"}],"replies":[{"embeddable":true,"href":"https:\/\/www.giethoorncity.nl\/de\/wp-json\/wp\/v2\/comments?post=2669"}],"version-history":[{"count":10,"href":"https:\/\/www.giethoorncity.nl\/de\/wp-json\/wp\/v2\/pages\/2669\/revisions"}],"predecessor-version":[{"id":3505,"href":"https:\/\/www.giethoorncity.nl\/de\/wp-json\/wp\/v2\/pages\/2669\/revisions\/3505"}],"wp:attachment":[{"href":"https:\/\/www.giethoorncity.nl\/de\/wp-json\/wp\/v2\/media?parent=2669"}],"curies":[{"name":"wp","href":"https:\/\/api.w.org\/{rel}","templated":true}]}}